{"id":5572,"date":"2022-09-19T18:10:11","date_gmt":"2022-09-19T18:10:11","guid":{"rendered":"https:\/\/tasarimsatranc.com.tr\/?page_id=5572"},"modified":"2022-09-19T18:10:13","modified_gmt":"2022-09-19T18:10:13","slug":"teslimat-bilgileri","status":"publish","type":"page","link":"https:\/\/tasarimsatranc.com.tr\/?page_id=5572","title":{"rendered":"Teslimat Bilgileri"},"content":{"rendered":"\n<p>Sipari\u015fleriniz, banka onay\u0131 al\u0131nd\u0131ktan sonra 3 i\u015f g\u00fcn\u00fc (Pazartesi-Cumartesi Kargo \u00e7al\u0131\u015fma saatleri) i\u00e7erisinde kargoya teslim edilir. Teslimat adresinin Kargo Firmas\u0131na uzakl\u0131\u011f\u0131na g\u00f6re de kargo \u015firketi 1-3 g\u00fcn i\u00e7erisinde sipari\u015finizi size ula\u015ft\u0131racakt\u0131r.<\/p>\n\n\n\n<p>\u00d6zel \u00fcretim \u00fcr\u00fcnlerin teslim s\u00fcreleri imalat zaman\u0131na g\u00f6re farkl\u0131l\u0131k g\u00f6stermektedir.&nbsp;<\/p>\n\n\n\n<p>Taraf\u0131m\u0131zdan kaynaklanan bir aksilik olmas\u0131 halinde ise size beyan etti\u011finiz ileti\u015fim bilgilerinizden yola \u00e7\u0131k\u0131larak haber verilecektir. Bu y\u00fczden \u00fcyelik bilgilerinizin eksiksiz ve do\u011fru olmas\u0131 \u00f6nemlidir. Bayram ve tatil g\u00fcnlerinde teslimat yap\u0131lmamaktad\u0131r.<\/p>\n\n\n\n<p>Se\u00e7ti\u011finiz \u00fcr\u00fcnlerin tamam\u0131 anla\u015fmal\u0131 oldu\u011fumuz\u00a0 kargo \u015firketleri garantisi ile size teslim edilecektir. Teslim ald\u0131\u011f\u0131n\u0131z \u00fcr\u00fcnleri kargo g\u00f6revlisi yan\u0131nda kontrol ederek ve gerekli oldu\u011fu halde (ta\u015f\u0131ma esnas\u0131nda k\u0131r\u0131lm\u0131\u015f \u00fcr\u00fcn veya \u00fcr\u00fcn\u00fcn eksik olmas\u0131 gibi hallerde) kargo g\u00f6revlisine tutanak tutturarak info@tasarimsatranc.com.tr mail adresinden veya +90 505 042 44 26 numaral\u0131 telefon yada whatsapp \u00fczerinden bize ula\u015f\u0131n\u0131z.<\/p>\n\n\n\n<p>Sat\u0131n ald\u0131\u011f\u0131n\u0131z \u00fcr\u00fcnler bir teyit e-postas\u0131 ile taraf\u0131n\u0131za bildirilecektir. Se\u00e7ti\u011finiz \u00fcr\u00fcnlerden herhangi birinin stokta mevcut olmamas\u0131 durumunda konu ile ilgili bir e-posta yollanacak&nbsp; yada kay\u0131t esnas\u0131nda belirtmi\u015f oldu\u011funuz ileti\u015fim bilgilerinden size ula\u015f\u0131lacak ve \u00fcr\u00fcn\u00fcn ilk stoklara girece\u011fi tarih taraf\u0131n\u0131za bildirilecektir.<\/p>\n\n\n\n<p>www.tasarimsatranc.com.tr\u00a0on-line al\u0131\u015fveri\u015f sitesidir. Ayn\u0131 anda birden \u00e7ok kullan\u0131c\u0131ya al\u0131\u015fveri\u015f yapma imkan\u0131 tan\u0131r. Enderde olsa t\u00fcketicinin ayn\u0131 \u00fcr\u00fcn\u00fc almas\u0131 s\u00f6z konusudur ve \u00fcr\u00fcn stoklarda t\u00fckenmektedir bu durumda ;<\/p>\n\n\n\n<p>\u00d6demesini Internet \u00fczerinden yapt\u0131\u011f\u0131n\u0131z \u00fcr\u00fcn e\u011fer stoklar\u0131m\u0131zda kalmam\u0131\u015f ise en az 4 (D\u00f6rt) en fazla 30 (otuz) g\u00fcn bekleme s\u00fcresi vard\u0131r. \u00dcr\u00fcn bu tarihleri aras\u0131nda t\u00fcketiciye verilemez ise yapt\u0131\u011f\u0131 \u00f6deme kendisine iade edilir.<\/p>\n\n\n\n<p>Sitemizden sipari\u015fini verdi\u011finiz \u00fcr\u00fcnleri Havale \/ Eft ile ya da kap\u0131da \u00f6deme se\u00e7eneklerinden herhangi biri ile \u00fcr\u00fcnlerimizi sat\u0131n alabilirsiniz. Kargo ile kap\u0131da nakit \u00f6deme se\u00e7ene\u011fimiz mevcuttur. \u00dcr\u00fcnlerimizin kargolanma s\u00fcresi \u00fcr\u00fcnlerin stok durumuna g\u00f6re de\u011fi\u015fiklik g\u00f6stermektedir. Aksi bir durum olmad\u0131\u011f\u0131 s\u00fcrece kargolama Suresi 1 i\u015f g\u00fcn\u00fcd\u00fcr. Kap\u0131da \u00d6deme Y\u00f6ntemi ile verilen sipari\u015flerde Kap\u0131da \u00d6deme+Kargo \u00dccreti Al\u0131c\u0131ya aittir.&nbsp; Havale\/ EFT \u0130le Yap\u0131lan \u00f6demelerde Kargo Al\u0131c\u0131ya aittir. Kargo \u00fccretleri \u00fcr\u00fcn desi\/kg\u2019\u0131na g\u00f6re farkl\u0131l\u0131k g\u00f6sterebilir. Bunlar\u0131n net tutarlar\u0131 \u00fcr\u00fcn sayfalar\u0131nda belirtilmi\u015ftir. Sanal post \u00f6zelli\u011fi ile kredi kart\u0131 \u00f6deme se\u00e7ene\u011fimiz aktiftir. Ald\u0131\u011f\u0131n\u0131z yada almak istedi\u011finiz \u00fcr\u00fcnleri \u0130stanbul Tahtakale\u2019deki ma\u011fazam\u0131zdan g\u00f6rmeniz m\u00fcmk\u00fcnd\u00fcr.&nbsp;<\/p>\n\n\n\n<p>1 \u2013 Banka Havalesi<\/p>\n\n\n\n<p>Bu se\u00e7ene\u011fi tercih edersiniz sitemizdeki banka bilgileri men\u00fcs\u00fcndeki hesap numaralar\u0131ndan herhangi birine havale \/ eft ile \u00f6deme yapman\u0131z gerekmektedir.<\/p>\n\n\n\n<p>\u00d6deme i\u015flemini tamamlad\u0131ktan sonra hangi \u00fcr\u00fcn\u00fc ald\u0131\u011f\u0131n\u0131z\u0131 ve hangi hesaba \u00f6deme yapt\u0131\u011f\u0131n\u0131z\u0131 bize e-mail, telefon yada sitemizde bulunan form \u00fczerinden bildirmeniz gerekmektedir.<\/p>\n\n\n\n<ul><li>Banka Havalesi ile \u00f6deme yapt\u0131\u011f\u0131n\u0131z taktirde \u00fcr\u00fcn\u00fcn\u00fcz ayn\u0131 g\u00fcn kargoya verilir.<\/li><li>Banka Havalesi ile \u00f6deme yapt\u0131\u011f\u0131n\u0131z taktirde kargonuz \u0130zmir i\u00e7i en ge\u00e7 1 g\u00fcn i\u00e7erisinde adresinize ula\u015f\u0131r.<\/li><li>Banka Havalesi ile \u00f6deme yapt\u0131\u011f\u0131n\u0131z taktirde kargonuz \u0130zmir d\u0131\u015f\u0131 en ge\u00e7 2 g\u00fcn i\u00e7erisinde adresinize ula\u015f\u0131r.\u00a0<\/li><\/ul>\n\n\n\n<p>2 \u2013 Kargo ile Kap\u0131da \u00d6deme<\/p>\n\n\n\n<ul><li>Kap\u0131da \u00f6demeyi se\u00e7ti\u011finiz taktirde \u00fcr\u00fcn\u00fcn\u00fcz stok durumuna g\u00f6re ayn\u0131 g\u00fcn kargoya verilir.<\/li><li>Kap\u0131da \u00f6demeyi se\u00e7ti\u011finiz taktirde Kargo \u00dccreti ve Kap\u0131da \u00d6deme \u00dccreti taraf\u0131n\u0131zdan Tahsil Edilir.<\/li><li>Kap\u0131da \u00f6demeyi se\u00e7ti\u011finiz&nbsp; takdirde \u00d6demenizi NAK\u0130T Olarak Kap\u0131da \u00d6deme yapabilirsiniz.<\/li><\/ul>\n","protected":false},"excerpt":{"rendered":"<p>Sipari\u015fleriniz, banka onay\u0131 al\u0131nd\u0131ktan sonra 3 i\u015f g\u00fcn\u00fc (Pazartesi-Cumartesi Kargo \u00e7al\u0131\u015fma saatleri) i\u00e7erisinde kargoya teslim edilir. Teslimat adresinin Kargo Firmas\u0131na uzakl\u0131\u011f\u0131na g\u00f6re de kargo \u015firketi 1-3 g\u00fcn i\u00e7erisinde sipari\u015finizi size ula\u015ft\u0131racakt\u0131r. \u00d6zel \u00fcretim \u00fcr\u00fcnlerin teslim s\u00fcreleri imalat zaman\u0131na g\u00f6re farkl\u0131l\u0131k g\u00f6stermektedir.&nbsp; Taraf\u0131m\u0131zdan kaynaklanan bir aksilik olmas\u0131 halinde ise size beyan etti\u011finiz ileti\u015fim bilgilerinizden yola \u00e7\u0131k\u0131larak [&hellip;]<\/p>\n","protected":false},"author":1,"featured_media":0,"parent":0,"menu_order":0,"comment_status":"closed","ping_status":"closed","template":"","meta":{"_joinchat":[]},"_links":{"self":[{"href":"https:\/\/tasarimsatranc.com.tr\/index.php?rest_route=\/wp\/v2\/pages\/5572"}],"collection":[{"href":"https:\/\/tasarimsatranc.com.tr\/index.php?rest_route=\/wp\/v2\/pages"}],"about":[{"href":"https:\/\/tasarimsatranc.com.tr\/index.php?rest_route=\/wp\/v2\/types\/page"}],"author":[{"embeddable":true,"href":"https:\/\/tasarimsatranc.com.tr\/index.php?rest_route=\/wp\/v2\/users\/1"}],"replies":[{"embeddable":true,"href":"https:\/\/tasarimsatranc.com.tr\/index.php?rest_route=%2Fwp%2Fv2%2Fcomments&post=5572"}],"version-history":[{"count":1,"href":"https:\/\/tasarimsatranc.com.tr\/index.php?rest_route=\/wp\/v2\/pages\/5572\/revisions"}],"predecessor-version":[{"id":5573,"href":"https:\/\/tasarimsatranc.com.tr\/index.php?rest_route=\/wp\/v2\/pages\/5572\/revisions\/5573"}],"wp:attachment":[{"href":"https:\/\/tasarimsatranc.com.tr\/index.php?rest_route=%2Fwp%2Fv2%2Fmedia&parent=5572"}],"curies":[{"name":"wp","href":"https:\/\/api.w.org\/{rel}","templated":true}]}}