{"id":5570,"date":"2022-09-19T18:06:43","date_gmt":"2022-09-19T18:06:43","guid":{"rendered":"https:\/\/tasarimsatranc.com.tr\/?page_id=5570"},"modified":"2022-09-19T18:06:46","modified_gmt":"2022-09-19T18:06:46","slug":"sartlar-ve-kosullar","status":"publish","type":"page","link":"https:\/\/tasarimsatranc.com.tr\/?page_id=5570","title":{"rendered":"\u015eartlar ve Ko\u015fullar"},"content":{"rendered":"\n<p>1. \u015eartlar<\/p>\n\n\n\n<p>Tasarimsatranc.com.tr adresindeki web sitesine eri\u015ferek, bu hizmet \u015fartlar\u0131na, ge\u00e7erli t\u00fcm yasalara ve d\u00fczenlemelere ba\u011fl\u0131 kalmay\u0131 kabul edersiniz ve ge\u00e7erli yerel yasalara uymaktan sorumlu oldu\u011funuzu kabul edersiniz. Bu \u015fartlar\u0131n hi\u00e7birine kat\u0131lm\u0131yorsan\u0131z, bu siteyi kullanman\u0131z veya bu siteye eri\u015fmeniz yasakt\u0131r. Bu web sitesinde bulunan materyaller ge\u00e7erli telif hakk\u0131 ve ticari marka kanunlar\u0131 ile korunmaktad\u0131r.<\/p>\n\n\n\n<p>2. Kullan\u0131m Lisans\u0131<\/p>\n\n\n\n<p>Yaln\u0131zca ki\u015fisel, ticari olmayan ge\u00e7ici g\u00f6r\u00fcnt\u00fcleme i\u00e7in Tasar\u0131m Satran\u00e7\u00a0web sitesinde bulunan bilgi ve\/veya yaz\u0131l\u0131m\u0131n (i\u015fbu metinde \u201cmateryal\u201d olarak an\u0131lacakt\u0131r) bir kopyas\u0131n\u0131 ge\u00e7ici olarak indirmek i\u00e7in izin verilir. Bu izin yaln\u0131zca Tasar\u0131m Satran\u00e7\u00a0taraf\u0131ndan bildirilen\u00a0 \u015fartlarda kullan\u0131m lisans\u0131 verildi\u011fi anlam\u0131na gelip, di\u011fer lisanslar\u0131n devri ve\/veya \u00fcnvan devri sonucunu do\u011furmaz. Bu lisans uyar\u0131nca i\u015fbu madde devam\u0131nda yaz\u0131l\u0131 i\u015flem ve haklar\u0131 kullanamazs\u0131n\u0131z: materyalleri de\u011fi\u015ftirmek veya kopyalamak, materyalleri herhangi bir ticari ama\u00e7 i\u00e7in veya kamuya a\u00e7\u0131k bir te\u015fhir i\u00e7in (ticari veya ticari olmayan) kullanmak. Tasar\u0131m Satran\u00e7 internet sitesinde yer alan herhangi bir yaz\u0131l\u0131m\u0131 derhal a\u00e7ma ve\/veya tersine \u00e7evirme giri\u015fiminde bulunmak, materyallerden telif hakk\u0131 ve\/veya di\u011fer tescilli notlar\u0131 \u00e7\u0131karmak veya materyalleri bir ba\u015fkas\u0131na devretmek ve\/veya herhangi bir ba\u015fka sunucudaki materyalleri \u201caynalamak\u201d.<\/p>\n\n\n\n<p>Bu lisans, bu k\u0131s\u0131tlamalardan herhangi birini ihlal etmeniz durumunda otomatik olarak sonland\u0131r\u0131l\u0131r veya Tasar\u0131m Satran\u00e7\u00a0taraf\u0131ndan gerekli g\u00f6r\u00fclen durumlarda ve herhangi bir zamanda sonland\u0131r\u0131labilir. Bu materyallere dair kullan\u0131m lisans\u0131n\u0131n herhangi bir \u015fekilde sonland\u0131r\u0131lmas\u0131 veya bu lisans\u0131n feshi hallerinde nezdinizde bulunan indirilmi\u015f materyalleri elektronik ve\/veya bas\u0131l\u0131 olarak imha etmeniz gerekmektedir.<\/p>\n\n\n\n<p>3. Feragatname<\/p>\n\n\n\n<p>Tasar\u0131m Satran\u00e7 internet sitesinde yer alan materyaller bu web sitesinde belirtilen \u015fekilde oldu\u011fu gibi sa\u011flanmaktad\u0131r. Tasar\u0131m Satran\u00e7, herhangi bir \u015fekilde ima etmi\u015f olsa dahi hi\u00e7bir garanti vermez ve i\u015fbu s\u00f6zle\u015fmeyle \u00f6rt\u00fcl\u00fc garantiler veya sat\u0131labilirlik ko\u015fullar\u0131, belirli bir amaca uygunluk veya fikri m\u00fclkiyet haklar\u0131n\u0131n ihlal edilmemesi veya di\u011fer haklar\u0131n ihlal edilmemesi gibi di\u011fer t\u00fcm garantileri reddeder ve reddeder.<\/p>\n\n\n\n<p>Ayr\u0131ca Tasar\u0131m Satran\u00e7, web sitesinde yer alan materyallerin kullan\u0131m\u0131n\u0131n do\u011frulu\u011fu, olas\u0131 sonu\u00e7lar\u0131 veya g\u00fcvenilirli\u011fi ile ilgili veya bu materyallerle veya bu siteyle ba\u011flant\u0131l\u0131 herhangi bir siteyle ilgili ba\u015fka hi\u00e7bir \u015fekilde garanti vermez veya beyan etmez.<\/p>\n\n\n\n<p>4. S\u0131n\u0131rlamalar<\/p>\n\n\n\n<p>Tasar\u0131m Satran\u00e7 veya tedarik\u00e7ileri; hi\u00e7bir ko\u015fulda Tasar\u0131m Satran\u00e7\u00a0internet sitesinde bulunan materyallerin kullan\u0131lmas\u0131ndan ve\/veya kullan\u0131lmamas\u0131ndan do\u011facak zararlardan ve\/veya bunlarla s\u0131n\u0131rl\u0131 olmamak \u00fczere herhangi bir veri ve\/veya kar zarar\u0131 ve\/veya i\u015f kesintisinden, Tasar\u0131m Satran\u00e7\u00a0veya Tasar\u0131m Satran\u00e7 yetkili temsilcisine bu t\u00fcr bir hasar olas\u0131l\u0131\u011f\u0131 yaz\u0131l\u0131 veya s\u00f6zl\u00fc olarak bildirmi\u015f olsa dahi, sorumlu tutulamaz.<\/p>\n\n\n\n<p>5. Materyallerin do\u011frulu\u011fu<\/p>\n\n\n\n<p>Tasar\u0131m Satran\u00e7 web sitesinde g\u00f6r\u00fcnen materyaller teknik, tipografik veya fotografik hatalar i\u00e7erebilir. Tasar\u0131m Satran\u00e7, web sitesindeki materyallerin hi\u00e7birinin do\u011fru, eksiksiz veya g\u00fcncel oldu\u011funu garanti etmemektedir. Tasar\u0131m Satran\u00e7, web sitesinde bulunan materyallerde herhangi bir zamanda \u00f6nceden bildirimde bulunmaks\u0131z\u0131n diledi\u011fi zaman de\u011fi\u015fiklik yapabilir. Ancak Tasar\u0131m Satran\u00e7\u00a0materyalleri g\u00fcncelleme taahh\u00fcd\u00fcnde bulunmamaktad\u0131r.<\/p>\n\n\n\n<p>6. Ba\u011flant\u0131lar<\/p>\n\n\n\n<p>Tasar\u0131m Satran\u00e7, web sitesine ba\u011fl\u0131 sitelerin t\u00fcm\u00fcn\u00fc incelememi\u015ftir ve bu sitelerin i\u00e7eri\u011finden sorumlu de\u011fildir. Herhangi bir ba\u011flant\u0131n\u0131n dahil edilmesi, sitenin Tasar\u0131m Satran\u00e7\u00a0taraf\u0131ndan onayland\u0131\u011f\u0131 anlam\u0131na gelmez. Bu t\u00fcr ba\u011flant\u0131l\u0131 web sitelerinin kullan\u0131m\u0131 m\u00fcnhas\u0131ran kullan\u0131c\u0131n\u0131n sorumlulu\u011fundad\u0131r.<\/p>\n\n\n\n<p>7. De\u011fi\u015fiklikler<\/p>\n\n\n\n<p>Tasar\u0131m Satran\u00e7, bu hizmet \u015fartlar\u0131n\u0131 web sitesi i\u00e7in herhangi bir zamanda \u00f6nceden bildirimde bulunmaks\u0131z\u0131n de\u011fi\u015fiklik yapabilir. Bu web sitesini kullanarak g\u00fcncel hizmet \u015fartlar\u0131na ba\u011fl\u0131 kalmay\u0131 kabul etmi\u015f say\u0131l\u0131rs\u0131n\u0131z.<\/p>\n\n\n\n<p>8. Ge\u00e7erli Yasa<\/p>\n\n\n\n<p>Bu ko\u015fullar ve bu ko\u015fullar sebebi ile do\u011facak uyu\u015fmazl\u0131klarda yarg\u0131 g\u00f6rev ve yetkisi m\u00fcnhas\u0131ran T.C. yasalar\u0131na g\u00f6re belirlenir.<\/p>\n","protected":false},"excerpt":{"rendered":"<p>1. \u015eartlar Tasarimsatranc.com.tr adresindeki web sitesine eri\u015ferek, bu hizmet \u015fartlar\u0131na, ge\u00e7erli t\u00fcm yasalara ve d\u00fczenlemelere ba\u011fl\u0131 kalmay\u0131 kabul edersiniz ve ge\u00e7erli yerel yasalara uymaktan sorumlu oldu\u011funuzu kabul edersiniz. Bu \u015fartlar\u0131n hi\u00e7birine kat\u0131lm\u0131yorsan\u0131z, bu siteyi kullanman\u0131z veya bu siteye eri\u015fmeniz yasakt\u0131r. Bu web sitesinde bulunan materyaller ge\u00e7erli telif hakk\u0131 ve ticari marka kanunlar\u0131 ile korunmaktad\u0131r. 2. [&hellip;]<\/p>\n","protected":false},"author":1,"featured_media":0,"parent":0,"menu_order":0,"comment_status":"closed","ping_status":"closed","template":"","meta":{"_joinchat":[]},"_links":{"self":[{"href":"https:\/\/tasarimsatranc.com.tr\/index.php?rest_route=\/wp\/v2\/pages\/5570"}],"collection":[{"href":"https:\/\/tasarimsatranc.com.tr\/index.php?rest_route=\/wp\/v2\/pages"}],"about":[{"href":"https:\/\/tasarimsatranc.com.tr\/index.php?rest_route=\/wp\/v2\/types\/page"}],"author":[{"embeddable":true,"href":"https:\/\/tasarimsatranc.com.tr\/index.php?rest_route=\/wp\/v2\/users\/1"}],"replies":[{"embeddable":true,"href":"https:\/\/tasarimsatranc.com.tr\/index.php?rest_route=%2Fwp%2Fv2%2Fcomments&post=5570"}],"version-history":[{"count":1,"href":"https:\/\/tasarimsatranc.com.tr\/index.php?rest_route=\/wp\/v2\/pages\/5570\/revisions"}],"predecessor-version":[{"id":5571,"href":"https:\/\/tasarimsatranc.com.tr\/index.php?rest_route=\/wp\/v2\/pages\/5570\/revisions\/5571"}],"wp:attachment":[{"href":"https:\/\/tasarimsatranc.com.tr\/index.php?rest_route=%2Fwp%2Fv2%2Fmedia&parent=5570"}],"curies":[{"name":"wp","href":"https:\/\/api.w.org\/{rel}","templated":true}]}}