{"id":40,"date":"2020-09-03T22:41:15","date_gmt":"2020-09-03T22:41:15","guid":{"rendered":"http:\/\/d-themes.com\/wordpress\/riode\/elements\/my-account\/"},"modified":"2022-09-19T18:01:27","modified_gmt":"2022-09-19T18:01:27","slug":"hesabim","status":"publish","type":"page","link":"https:\/\/tasarimsatranc.com.tr\/?page_id=40","title":{"rendered":"Hesab\u0131m"},"content":{"rendered":"<div class=\"woocommerce\">\r\n<div class=\"login-popup\" id=\"customer_login\">\r\n\t<div class=\"woocommerce-notices-wrapper\"><\/div>\r\n\t<div class=\"tab form-tab tab-simple\">\r\n\t\t<ul class=\"nav nav-tabs\" role=\"tablist\">\r\n\t\t\t<li class=\"nav-item\">\r\n\t\t\t\t<a href=\"signin\" class=\"nav-link active\" data-toggle=\"tab\">Oturum<\/a>\r\n\t\t\t<\/li>\r\n\t\t\t\t\t<li class=\"delimiter\">veya<\/li>\r\n\t\t\t<li class=\"nav-item\">\r\n\t\t\t\t<a href=\"signup\" class=\"nav-link\" data-toggle=\"tab\">Kaydolmak<\/a>\r\n\t\t\t<\/li>\r\n\t\t\t\t<\/ul>\r\n\t\t<div class=\"tab-content\">\r\n\r\n\t\t\t<div class=\"tab-pane active\" id=\"signin\">\r\n\t\t\t\t<form class=\"woocommerce-form woocommerce-form-login login\" method=\"post\">\r\n\r\n\t\t\t\t\t\r\n\t\t\t\t\t<p class=\"woocommerce-form-row woocommerce-form-row--wide form-row form-row-wide\">\r\n\t\t\t\t\t\t<input type=\"text\" class=\"woocommerce-Input woocommerce-Input--text input-text\" name=\"username\" id=\"username\" autocomplete=\"username\" required placeholder=\"Kullan\u0131c\u0131 ad\u0131 veya e-posta adresi *\" value=\"\" \/>\t\t\t\t\t<\/p>\r\n\t\t\t\t\t<p class=\"woocommerce-form-row woocommerce-form-row--wide form-row form-row-wide\">\r\n\t\t\t\t\t\t<input class=\"woocommerce-Input woocommerce-Input--text input-text\" type=\"password\" name=\"password\" id=\"password\" autocomplete=\"current-password\" required placeholder=\"Parola *\" \/>\r\n\t\t\t\t\t<\/p>\r\n\r\n\t\t\t\t\t\r\n\t\t\t\t\t<div class=\"form-row form-footer\">\r\n\t\t\t\t\t\t<label class=\"woocommerce-form__label woocommerce-form__label-for-checkbox woocommerce-form-login__rememberme form-checkbox\">\r\n\t\t\t\t\t\t\t<input class=\"woocommerce-form__input woocommerce-form__input-checkbox\" name=\"rememberme\" type=\"checkbox\" id=\"rememberme\" value=\"forever\" \/> <span>Beni hat\u0131rla<\/span>\r\n\t\t\t\t\t\t<\/label>\r\n\t\t\t\t\t\t<p class=\"woocommerce-LostPassword lost_password\">\r\n\t\t\t\t\t\t\t<a href=\"https:\/\/tasarimsatranc.com.tr\/?page_id=40&#038;lost-password\">Parolan\u0131z\u0131 m\u0131 unuttunuz?<\/a>\r\n\t\t\t\t\t\t<\/p>\r\n\t\t\t\t\t<\/div>\r\n\r\n\t\t\t\t\t<input type=\"hidden\" id=\"woocommerce-login-nonce\" name=\"woocommerce-login-nonce\" value=\"e34ec0da52\" \/><input type=\"hidden\" name=\"_wp_http_referer\" value=\"\/index.php?rest_route=%2Fwp%2Fv2%2Fpages%2F40\" \/>\t\t\t\t\t<button type=\"submit\" class=\"woocommerce-button button woocommerce-form-login__submit btn btn-md btn-dark\" name=\"login\" value=\"oturum\">oturum<\/button>\r\n\r\n\t\t\t\t\t<p class=\"submit-status\"><\/p>\r\n\r\n\t\t\t\t\t\r\n\t\t\t\t<\/form>\r\n\t\t\t<\/div>\r\n\r\n\t\t\t\t\t<div class=\"tab-pane\" id=\"signup\">\r\n\t\t\t\t<form method=\"post\" class=\"woocommerce-form woocommerce-form-login register\"  >\r\n\r\n\t\t\t\t\t\r\n\t\t\t\t\t\r\n\t\t\t\t\t\t<p class=\"woocommerce-form-row woocommerce-form-row--wide form-row form-row-wide\">\r\n\t\t\t\t\t\t\t<input type=\"text\" class=\"woocommerce-Input woocommerce-Input--text input-text\" name=\"username\" id=\"reg_username\" autocomplete=\"username\" required placeholder=\"Kullan\u0131c\u0131 ad\u0131 *\" value=\"\" \/>\t\t\t\t\t\t<\/p>\r\n\r\n\t\t\t\t\t\r\n\t\t\t\t\t<p class=\"woocommerce-form-row woocommerce-form-row--wide form-row form-row-wide\">\r\n\t\t\t\t\t\t<input type=\"email\" class=\"woocommerce-Input woocommerce-Input--text input-text\" name=\"email\" id=\"reg_email\" autocomplete=\"email\" required placeholder=\"E-Posta adresinizi  *\" value=\"\" \/>\t\t\t\t\t<\/p>\r\n\r\n\t\t\t\t\t\r\n\t\t\t\t\t\t<p class=\"woocommerce-form-row woocommerce-form-row--wide form-row form-row-wide\">\r\n\t\t\t\t\t\t\t<input type=\"password\" class=\"woocommerce-Input woocommerce-Input--text input-text\" name=\"password\" id=\"reg_password\" autocomplete=\"new-password\" required placeholder=\"Parola *\" \/>\r\n\t\t\t\t\t\t<\/p>\r\n\r\n\t\t\t\t\t\r\n\t\t\t\t\t<div class=\"woocommerce-privacy-policy-text\"><p>Ki\u015fisel verileriniz, bu web sitesindeki deneyiminizi desteklemek, hesab\u0131n\u0131za eri\u015fimi y\u00f6netmek ve <a href=\"https:\/\/tasarimsatranc.com.tr\/?page_id=5567\" class=\"woocommerce-privacy-policy-link\" target=\"_blank\">gizlilik ilkesi<\/a> a\u00e7\u0131klanan di\u011fer ama\u00e7lar i\u00e7in kullan\u0131lacakt\u0131r.<\/p>\n<\/div>\r\n\t\t\t\t\t<p>$ s\u0130 <a href=\"https:\/\/tasarimsatranc.com.tr\/?page_id=5567\" class=\"woocommerce-privacy-policy-link\" target=\"_blank\">gizlilik ilkesi<\/a><\/label><\/p>\n<p> ile ayn\u0131 fikirde<\/p>\n\r\n\t\t\t\t\t<input type=\"hidden\" id=\"woocommerce-register-nonce\" name=\"woocommerce-register-nonce\" value=\"2ee396ea79\" \/><input type=\"hidden\" name=\"_wp_http_referer\" value=\"\/index.php?rest_route=%2Fwp%2Fv2%2Fpages%2F40\" \/>\t\t\t\t\t<button type=\"submit\" class=\"woocommerce-Button woocommerce-button button woocommerce-form-register__submit btn btn-md btn-dark\" name=\"register\" value=\"\u00dcye Ol\">\u00dcye Ol<\/button>\r\n\r\n\t\t\t\t\t<p class=\"submit-status\"><\/p>\r\n\r\n\t\t\t\t\t\r\n\t\t\t\t<\/form>\r\n\t\t\t<\/div>\r\n\t\t\t\t<\/div>\r\n\t<\/div>\r\n\r\n\t<\/div>\r\n<\/div>\n","protected":false},"excerpt":{"rendered":"","protected":false},"author":1,"featured_media":0,"parent":0,"menu_order":0,"comment_status":"closed","ping_status":"closed","template":"","meta":{"_joinchat":[]},"_links":{"self":[{"href":"https:\/\/tasarimsatranc.com.tr\/index.php?rest_route=\/wp\/v2\/pages\/40"}],"collection":[{"href":"https:\/\/tasarimsatranc.com.tr\/index.php?rest_route=\/wp\/v2\/pages"}],"about":[{"href":"https:\/\/tasarimsatranc.com.tr\/index.php?rest_route=\/wp\/v2\/types\/page"}],"author":[{"embeddable":true,"href":"https:\/\/tasarimsatranc.com.tr\/index.php?rest_route=\/wp\/v2\/users\/1"}],"replies":[{"embeddable":true,"href":"https:\/\/tasarimsatranc.com.tr\/index.php?rest_route=%2Fwp%2Fv2%2Fcomments&post=40"}],"version-history":[{"count":1,"href":"https:\/\/tasarimsatranc.com.tr\/index.php?rest_route=\/wp\/v2\/pages\/40\/revisions"}],"predecessor-version":[{"id":5556,"href":"https:\/\/tasarimsatranc.com.tr\/index.php?rest_route=\/wp\/v2\/pages\/40\/revisions\/5556"}],"wp:attachment":[{"href":"https:\/\/tasarimsatranc.com.tr\/index.php?rest_route=%2Fwp%2Fv2%2Fmedia&parent=40"}],"curies":[{"name":"wp","href":"https:\/\/api.w.org\/{rel}","templated":true}]}}